{"id":120,"date":"2022-05-09T21:43:53","date_gmt":"2022-05-09T19:43:53","guid":{"rendered":"http:\/\/www.hochstelltaste.de\/?page_id=120"},"modified":"2025-04-01T17:59:11","modified_gmt":"2025-04-01T15:59:11","slug":"datenschutzerklarung","status":"publish","type":"page","link":"https:\/\/alexanderkoch.info\/en\/datenschutzerklarung\/","title":{"rendered":"Datenschutzerkl\u00e4rung"},"content":{"rendered":"<p>Verantwortliche Stelle<\/p>\n<p>Verantwortlich f\u00fcr die Verarbeitung personenbezogener Daten auf dieser Website ist:<br \/>\nAlexander Koch<br \/>\nWrangelstr. 66B<br \/>\n10997 Berlin<\/p>\n<p>Erhebung und Speicherung personenbezogener Daten<br \/>\nIch erhebe und speichere grunds\u00e4tzlich keine personenbezogenen Daten meiner Besucher, es sei denn, sie werden mir aktiv \u00fcbermittelt (z. B. durch eine E-Mail-Anfrage).<span style=\"font-family: var(--global--font-secondary); font-size: var(--global--font-size-base);\">Falls du mit mir per E-Mail Kontakt aufnimmst, werden die von dir \u00fcbermittelten Daten ausschlie\u00dflich zur Bearbeitung deiner Anfrage verwendet und nicht an Dritte weitergegeben.<\/span><\/p>\n<p>Server-Log-Dateien<br \/>\n<span style=\"font-family: var(--global--font-secondary); font-size: var(--global--font-size-base);\">Beim Besuch dieser Website speichert der Webhoster m\u00f6glicherweise automatisch Informationen in sogenannten Server-Log-Dateien. Diese enthalten z. B.:<br \/>\n<\/span><span style=\"font-family: var(--global--font-secondary); font-size: var(--global--font-size-base);\">Browsertyp und -version<br \/>\n<\/span>Verwendetes Betriebssystem<br \/>\nReferrer-URL<br \/>\nHostname des zugreifenden Rechners<br \/>\nUhrzeit der Serveranfrage<br \/>\nDiese Daten sind anonymisiert und lassen keine R\u00fcckschl\u00fcsse auf eine bestimmte Person zu. Sie dienen lediglich der technischen Sicherheit und Optimierung der Website.<\/p>\n<p>Cookies<br \/>\nDiese Website verwendet keine Cookies. Falls sich dies zuk\u00fcnftig \u00e4ndert, werde ich die Datenschutzerkl\u00e4rung entsprechend anpassen.<\/p>\n<p>Rechte der betroffenen Person<br \/>\nDu hast als Nutzer das Recht:<br \/>\nAuskunft \u00fcber deine gespeicherten Daten zu erhalten<br \/>\nBerichtigung oder L\u00f6schung deiner Daten zu verlangen<br \/>\nDie Einschr\u00e4nkung der Verarbeitung zu fordern<br \/>\nWiderspruch gegen die Verarbeitung einzulegen<br \/>\nEine Beschwerde bei einer Datenschutzbeh\u00f6rde einzureichen<br \/>\n\u00c4nderungen dieser Datenschutzerkl\u00e4rung<\/p>\n<p>Ich behalte mir vor, diese Datenschutzerkl\u00e4rung anzupassen, falls sich gesetzliche oder technische \u00c4nderungen ergeben. Die jeweils aktuelle Version ist jederzeit auf dieser Website abrufbar.<\/p>\n","protected":false},"excerpt":{"rendered":"<p>Verantwortliche Stelle Verantwortlich f\u00fcr die Verarbeitung personenbezogener Daten auf dieser Website ist: Alexander Koch Wrangelstr. 66B 10997 Berlin Erhebung und Speicherung personenbezogener Daten Ich erhebe und speichere grunds\u00e4tzlich keine personenbezogenen Daten meiner Besucher, es sei denn, sie werden mir aktiv \u00fcbermittelt (z. B. durch eine E-Mail-Anfrage).Falls du mit mir per E-Mail Kontakt aufnimmst, werden die&hellip; <a class=\"more-link\" href=\"https:\/\/alexanderkoch.info\/en\/datenschutzerklarung\/\">Continue reading <span class=\"screen-reader-text\">Datenschutzerkl\u00e4rung<\/span><\/a><\/p>\n","protected":false},"author":1,"featured_media":0,"parent":0,"menu_order":0,"comment_status":"closed","ping_status":"closed","template":"","meta":{"rop_custom_images_group":[],"rop_custom_messages_group":[],"rop_publish_now":"initial","rop_publish_now_accounts":[],"rop_publish_now_history":[],"rop_publish_now_status":"pending","footnotes":""},"class_list":["post-120","page","type-page","status-publish","hentry","entry"],"translation":{"provider":"WPGlobus","version":"3.0.2","language":"en","enabled_languages":["de","en"],"languages":{"de":{"title":true,"content":true,"excerpt":false},"en":{"title":false,"content":false,"excerpt":false}}},"_links":{"self":[{"href":"https:\/\/alexanderkoch.info\/en\/wp-json\/wp\/v2\/pages\/120","targetHints":{"allow":["GET"]}}],"collection":[{"href":"https:\/\/alexanderkoch.info\/en\/wp-json\/wp\/v2\/pages"}],"about":[{"href":"https:\/\/alexanderkoch.info\/en\/wp-json\/wp\/v2\/types\/page"}],"author":[{"embeddable":true,"href":"https:\/\/alexanderkoch.info\/en\/wp-json\/wp\/v2\/users\/1"}],"replies":[{"embeddable":true,"href":"https:\/\/alexanderkoch.info\/en\/wp-json\/wp\/v2\/comments?post=120"}],"version-history":[{"count":9,"href":"https:\/\/alexanderkoch.info\/en\/wp-json\/wp\/v2\/pages\/120\/revisions"}],"predecessor-version":[{"id":2935,"href":"https:\/\/alexanderkoch.info\/en\/wp-json\/wp\/v2\/pages\/120\/revisions\/2935"}],"wp:attachment":[{"href":"https:\/\/alexanderkoch.info\/en\/wp-json\/wp\/v2\/media?parent=120"}],"curies":[{"name":"wp","href":"https:\/\/api.w.org\/{rel}","templated":true}]}}